{"id":16129,"date":"2023-03-20T13:50:19","date_gmt":"2023-03-20T12:50:19","guid":{"rendered":"https:\/\/pasamon.com.pl\/rodo\/"},"modified":"2023-06-12T14:42:50","modified_gmt":"2023-06-12T12:42:50","slug":"rodo","status":"publish","type":"page","link":"https:\/\/pasamon.com.pl\/en\/rodo\/","title":{"rendered":"RODO"},"content":{"rendered":"\n<p>According to z art. 13 og\u00f3lnego rozporz\u0105dzenia o ochronie danych osobowych z dnia 27.04.2016r. ( Dz. Urz. UE L 119 z 04.05.2016 ) informuj\u0119, i\u017c:<\/p>\n\n\n\n<p>1. Administratorem Pani\/Pana danych osobowych jest firma &#8220;PASAMON&#8221; Sp. z o.o., z siedzib\u0105 przy ulicy Jagiello\u0144skiej 117 w Bydgoszczy.<\/p>\n\n\n\n<p>2. Kontakt z administratorem danych osobowych: administrator@pasamon.com.pl<\/p>\n\n\n\n<p>3. Pani\/Pana dane osobowe przetwarzane b\u0119d\u0105 w celu realizacji umowy ( zam\u00f3wie\u0144 ) &#8211; na podstawie art. 6 ust. 1 lit. b og\u00f3lnego rozporz\u0105dzenia o ochronie danych osobowych z dnia 27.04.2016 r.<\/p>\n\n\n\n<p>4. Odbiorcami Pani\/Pana danych osobowych b\u0119d\u0105:<\/p>\n\n\n\n<p>&#8211; podmioty uczestnicz\u0105ce w realizacji zlecenia\/zam\u00f3wienia<\/p>\n\n\n\n<p>&#8211; pracownicy firmy PASAMON Sp. z o.o., uczestnicz\u0105cy w realizacji zlecenia\/zam\u00f3wienia<\/p>\n\n\n\n<p>5. Pani\/Pana dane osobowe przechowane b\u0119d\u0105 w oparciu o uzasadniony interes realizowany przez administratora.<\/p>\n\n\n\n<p>6. W zwi\u0105zku z przetwarzaniem Pa\u0144stwa danych osobowych przez Administratora przys\u0142uguj\u0105 Pa\u0144stwu nast\u0119puj\u0105ce prawa:<\/p>\n\n\n\n<p>&#8211; \u017c\u0105dania dost\u0119pu do danych osobowych,<\/p>\n\n\n\n<p>&#8211; \u017c\u0105dania sprostowania danych osobowych,<\/p>\n\n\n\n<p>&#8211; \u017c\u0105dania usuni\u0119cia danych osobowych,<\/p>\n\n\n\n<p>&#8211; \u017c\u0105dania ograniczenia przetwarzania danych osobowych,<\/p>\n\n\n\n<p>&#8211; przenoszenia danych osobowych,<\/p>\n\n\n\n<p>7. Przys\u0142uguje Pa\u0144stwu prawo do wycofania w ka\u017cdym czasie zgody na przetwarzanie danych<\/p>\n\n\n\n<p>osobowych.<\/p>\n\n\n\n<p>8. Przys\u0142uguje Pa\u0144stwu prawo do wniesienia skargi do organu nadzorczego w\u0142a\u015bciwego ds. ochrony danych osobowych, w przypadku uznania przez Pa\u0144stwo, \u017ce przetwarzanie Pa\u0144stwa danych narusza przepisy og\u00f3lnego rozporz\u0105dzenia o ochronie danych osobowych z dn. 27 kwietnia 2016 r.<\/p>\n\n\n\n<p>9. Podanie danych osobowych jest dobrowolne, jednak\u017ce odmowa podania niezb\u0119dnych danych mo\u017ce skutkowa\u0107 odmow\u0105 zawarcia umowy.<\/p>\n\n\n\n<p>10. Administrator dok\u0142ada wszelkich stara\u0144, aby zapewni\u0107 wszelkie \u015brodki fizycznej, technicznej i organizacyjnej ochrony danych osobowych przed ich przypadkowym czy umy\u015blnym zniszczeniem, przypadkow\u0105 utrat\u0105, zmian\u0105, nieuprawnionym ujawnieniem, wykorzystaniem czy dost\u0119pem, zgodnie ze wszystkimi obowi\u0105zuj\u0105cymi przepisami.<\/p>\n","protected":false},"excerpt":{"rendered":"<p>According to z art. 13 og\u00f3lnego rozporz\u0105dzenia o ochronie danych osobowych z dnia 27.04.2016r. ( Dz. Urz. UE L 119 z 04.05.2016 ) informuj\u0119, i\u017c: 1. Administratorem Pani\/Pana danych osobowych jest firma &#8220;PASAMON&#8221; Sp. z o.o., z siedzib\u0105 przy ulicy Jagiello\u0144skiej 117 w Bydgoszczy. 2. Kontakt z administratorem danych osobowych: administrator@pasamon.com.pl 3. Pani\/Pana dane osobowe [&hellip;]<\/p>\n","protected":false},"author":3,"featured_media":0,"parent":0,"menu_order":0,"comment_status":"closed","ping_status":"closed","template":"","meta":{"_acf_changed":false,"_uf_show_specific_survey":0,"_uf_disable_surveys":false,"footnotes":""},"class_list":["post-16129","page","type-page","status-publish","hentry"],"acf":[],"aioseo_notices":[],"_links":{"self":[{"href":"https:\/\/pasamon.com.pl\/en\/wp-json\/wp\/v2\/pages\/16129","targetHints":{"allow":["GET"]}}],"collection":[{"href":"https:\/\/pasamon.com.pl\/en\/wp-json\/wp\/v2\/pages"}],"about":[{"href":"https:\/\/pasamon.com.pl\/en\/wp-json\/wp\/v2\/types\/page"}],"author":[{"embeddable":true,"href":"https:\/\/pasamon.com.pl\/en\/wp-json\/wp\/v2\/users\/3"}],"replies":[{"embeddable":true,"href":"https:\/\/pasamon.com.pl\/en\/wp-json\/wp\/v2\/comments?post=16129"}],"version-history":[{"count":1,"href":"https:\/\/pasamon.com.pl\/en\/wp-json\/wp\/v2\/pages\/16129\/revisions"}],"predecessor-version":[{"id":16130,"href":"https:\/\/pasamon.com.pl\/en\/wp-json\/wp\/v2\/pages\/16129\/revisions\/16130"}],"wp:attachment":[{"href":"https:\/\/pasamon.com.pl\/en\/wp-json\/wp\/v2\/media?parent=16129"}],"curies":[{"name":"wp","href":"https:\/\/api.w.org\/{rel}","templated":true}]}}